{"id":2443,"date":"2020-01-29T15:15:34","date_gmt":"2020-01-29T13:15:34","guid":{"rendered":"https:\/\/scanmarine.ee\/scanmarine-konteineripoe-privaatsuspoliitika\/"},"modified":"2024-03-19T09:28:31","modified_gmt":"2024-03-19T07:28:31","slug":"privacy-policy-for-scanmarine-container-store","status":"publish","type":"page","link":"https:\/\/scanmarine.ee\/en\/store\/privacy-policy-for-scanmarine-container-store\/","title":{"rendered":"Privacy Policy for ScanMarine Container Store"},"content":{"rendered":"<h1 align=\"center\"><span lang=\"en-US\">P<\/span><span lang=\"en-US\">rivacy Policy for ScanMarine Container Store<\/span><\/h1>\n<p align=\"right\"><span style=\"font-family: Trebuchet MS, serif;\"><span style=\"font-size: small;\"><span lang=\"en-US\">Applicable as from <\/span><span style=\"color: #808080;\"><span lang=\"en-US\">Click or tap to enter a date.<\/span><\/span><\/span><\/span><\/p>\n<ol>\n<li><span style=\"font-family: Trebuchet MS, serif;\"><span style=\"font-size: small;\"><b><span lang=\"en-US\">Introduction<\/span><\/b><\/span><\/span>\n<ol>\n<li>\n<p align=\"justify\"><a name=\"_GoBack\"><\/a> <span style=\"font-family: Trebuchet MS, serif;\"><span style=\"font-size: small;\"><span lang=\"en-US\">In processing the personal data of the Container Store\u2019s Users and Consumers, the Seller proceeds from the principles of lawfulness, minimality, purposefulness, and transparency. This means that the Seller processes personal data as little as possible and as much as required, does so only based on legal bases deriving from law and for lawful purposes, and informs data subjects of both the methods and purposes of processing their data. <\/span><\/span><\/span><\/p>\n<\/li>\n<li>\n<p align=\"justify\"><span style=\"font-family: Trebuchet MS, serif;\"><span style=\"font-size: small;\"><span lang=\"en-US\">Questions and applications related to processing of personal data can be filed with the Seller by e-mailing <\/span><span style=\"color: #0563c1;\"><u><a href=\"mailto:scanmarine@scanmarine.ee\"><span lang=\"en-US\">scanmarine@scanmarine.ee<\/span><\/a><\/u><\/span><span lang=\"en-US\">. In the case of complaints, Users and Consumers can also contact the Estonian Data Protection Inspectorate.<\/span><\/span><\/span><\/p>\n<\/li>\n<\/ol>\n<\/li>\n<li><span style=\"font-family: Trebuchet MS, serif;\"><span style=\"font-size: small;\"><b><span lang=\"en-US\">Definitions<\/span><\/b><\/span><\/span>\n<ol>\n<li>\n<p align=\"justify\"><a name=\"_Ref29833349\"><\/a> <span style=\"font-family: Trebuchet MS, serif;\"><span style=\"font-size: small;\"><span lang=\"en-US\"><b>The Seller<\/b><\/span><span lang=\"en-US\"> is ScanMarine Estonia O\u00dc (reg. No. 12387797, address T\u00f6\u00f6stuse 47d-15, 10416 Tallinn, Estonia; tel. +372\u00a0650\u00a05330, e-mail <\/span><span style=\"color: #0563c1;\"><u><a href=\"mailto:scanmarine@scanmarine.ee\"><span lang=\"en-US\">scanmarine@scanmarine.ee<\/span><\/a><\/u><\/span><span lang=\"en-US\">).<\/span><\/span><\/span><\/p>\n<\/li>\n<li>\n<p align=\"justify\"><span style=\"font-family: Trebuchet MS, serif;\"><span style=\"font-size: small;\"><span lang=\"en-US\"><b>Container Store https:\/\/scanmarine.ee\/pood\/<\/b><\/span><span lang=\"en-US\"> is an e-store that operates at <\/span><u><\/u><span lang=\"en-US\"> as run by the Seller.<\/span><\/span><\/span><\/p>\n<\/li>\n<li>\n<p align=\"justify\"><span style=\"font-family: Trebuchet MS, serif;\"><span style=\"font-size: small;\"><span lang=\"en-US\"><b>Policy <\/b><\/span><span lang=\"en-US\">is this Privacy Policy for ScanMarine Container Store.<\/span><\/span><\/span><\/p>\n<\/li>\n<li>\n<p align=\"justify\"><span style=\"font-family: Trebuchet MS, serif;\"><span style=\"font-size: small;\"><span lang=\"en-US\"><b>The User<\/b><\/span><span lang=\"en-US\"> is a natural person that reviews goods offered at Container Store and thereat prepares an order for and on behalf of the Customer.<\/span><\/span><\/span><\/p>\n<\/li>\n<li>\n<p align=\"justify\"><span style=\"font-family: Trebuchet MS, serif;\"><span style=\"font-size: small;\"><span lang=\"en-US\"><b>The Customer<\/b><\/span><span lang=\"en-US\"> is a natural person or legal person defined in an order.<\/span><\/span><\/span><\/p>\n<\/li>\n<li>\n<p align=\"justify\"><span style=\"font-family: Trebuchet MS, serif;\"><span style=\"font-size: small;\"><span lang=\"en-US\"><b>The Consumer<\/b><\/span><span lang=\"en-US\"> is a Customer that is a natural person and purchases goods to be used for purposes unrelated to their professional or commercial activity and whose residence is in Estonia or in another European Union member state.<\/span><\/span><\/span><\/p>\n<\/li>\n<li>\n<p align=\"justify\"><span style=\"font-family: Trebuchet MS, serif;\"><span style=\"font-size: small;\"><span lang=\"en-US\"><b>Cookie<\/b><\/span><span lang=\"en-US\"> is a small text file which is saved on the User\u2019s computer or mobile phone during the relevant visit to the Container Store.<\/span><\/span><\/span><\/p>\n<\/li>\n<li>\n<p align=\"justify\"><span style=\"font-family: Trebuchet MS, serif;\"><span style=\"font-size: small;\"><span lang=\"en-US\"><b>Data protection laws<\/b><\/span><span lang=\"en-US\"> are the General Data Protection Regulation<\/span><sup><span lang=\"en-US\"><a class=\"sdfootnoteanc\" href=\"#sdfootnote1sym\" name=\"sdfootnote1anc\">1<\/a><\/span><\/sup><span lang=\"en-US\">, the Republic of Estonia Personal Data Protection Act<\/span><sup><span lang=\"en-US\"><a class=\"sdfootnoteanc\" href=\"#sdfootnote2sym\" name=\"sdfootnote2anc\">2<\/a><\/span><\/sup><span lang=\"en-US\">, and other applicable legislation pertaining to protection of personal data.<\/span><\/span><\/span><\/p>\n<\/li>\n<li>\n<p align=\"justify\"><span style=\"font-family: Trebuchet MS, serif;\"><span style=\"font-size: small;\"><span lang=\"en-US\">The terms \u201cpersonal data\u201d, \u201cdata subject\u201d, \u201cprocessing\u201d, \u201crestriction of processing of personal data\u201d, \u201cprofiling\u201d, \u201ccontroller\u201d, \u201cthird party\u201d, \u201cconsent\u201d of the data subject, and \u201cinternational organization\u201d are used in this Policy in their meaning laid down in Article 4 of the General Data Protection Regulation.<\/span><\/span><\/span><\/p>\n<\/li>\n<\/ol>\n<\/li>\n<li><span style=\"font-family: Trebuchet MS, serif;\"><span style=\"font-size: small;\"><b><span lang=\"en-US\">Composition of processed personal data <\/span><\/b><\/span><\/span><\/li>\n<\/ol>\n<p align=\"justify\"><span style=\"font-family: Trebuchet MS, serif;\"><span style=\"font-size: small;\"><span lang=\"en-US\">In relation to running of the Container Store, the Seller as a controller processes the following personal data:<\/span><\/span><\/span><\/p>\n<ol>\n<li style=\"list-style-type: none;\">\n<ol>\n<li style=\"list-style-type: none;\">\n<ol>\n<li style=\"list-style-type: none;\">\n<ol type=\"a\">\n<li>\n<p align=\"justify\"><a name=\"_Ref29827867\"><\/a> <span style=\"font-family: Trebuchet MS, serif;\"><span style=\"font-size: small;\"><span lang=\"en-US\">the forename and surname, telephone number and e-mail address of the Consumer or the User that represents the Customer; <\/span><\/span><\/span><\/p>\n<\/li>\n<li>\n<p align=\"justify\"><a name=\"_Ref29827875\"><\/a> <span style=\"font-family: Trebuchet MS, serif;\"><span style=\"font-size: small;\"><span lang=\"en-US\">in the case of consumer sales, information concerning the payment method and payment means selected by the Consumer;<\/span><\/span><\/span><\/p>\n<\/li>\n<li>\n<p align=\"justify\"><a name=\"_Ref29827944\"><\/a> <span style=\"font-family: Trebuchet MS, serif;\"><span style=\"font-size: small;\"><span lang=\"en-US\">cookies required for functioning of the \u201cWooCommerce\u201d e-store software; and<\/span><\/span><\/span><\/p>\n<\/li>\n<li>\n<p align=\"justify\"><a name=\"_Ref29828229\"><\/a> <span style=\"font-family: Trebuchet MS, serif;\"><span style=\"font-size: small;\"><span lang=\"en-US\">cookies required to use the \u201cGoogle Analytics\u201d web analytics service.<\/span><\/span><\/span><\/p>\n<\/li>\n<\/ol>\n<\/li>\n<\/ol>\n<\/li>\n<\/ol>\n<\/li>\n<li><span style=\"font-family: Trebuchet MS, serif;\"><span style=\"font-size: small;\"><b><span lang=\"en-US\">Legal basis and purposes of processing personal data<\/span><\/b><\/span><\/span>\n<ol>\n<li>\n<p align=\"justify\"><span style=\"font-family: Trebuchet MS, serif;\"><span style=\"font-size: small;\"><span lang=\"en-US\">The legal bases for processing data noted in items 3.1.1(a) and 3.1.1(b) are taking of steps prior to entering into a contract and performance of a contract, and performance of the Seller\u2019s lawful obligation; the purposes of processing are preparing the conclusion of a contract and performance of the Seller\u2019s obligations arising from the Republic of Estonia Accounting Act and rules laid down on the basis thereof.<\/span><\/span><\/span><\/p>\n<\/li>\n<li>\n<p align=\"justify\"><span style=\"font-family: Trebuchet MS, serif;\"><span style=\"font-size: small;\"><span lang=\"en-US\">The legal basis for processing data noted in item 3.1.1(c) is taking of precontractual measures; the purpose of processing is ensuring the functionality of the Container Store.<\/span><\/span><\/span><\/p>\n<\/li>\n<li>\n<p align=\"justify\"><span style=\"font-family: Trebuchet MS, serif;\"><span style=\"font-size: small;\"><span lang=\"en-US\">The legal basis for processing data noted in item 3.1.1(d) is the Seller\u2019s legitimate interest in providing users of the Container Store with quality services and user experience; the purpose of processing is monitoring the use of the Container Store so as to enable betterment of the relevant user experience. <\/span><\/span><\/span><\/p>\n<\/li>\n<\/ol>\n<\/li>\n<li><span style=\"font-family: Trebuchet MS, serif;\"><span style=\"font-size: small;\"><b><span lang=\"en-US\">Periods of retention of personal data <\/span><\/b><\/span><\/span>\n<ol>\n<li>\n<p align=\"justify\"><span style=\"font-family: Trebuchet MS, serif;\"><span style=\"font-size: small;\"><span lang=\"en-US\">The Seller retains data noted in items 3.1.1(a) and 3.1.1(b) during the term of the concluded contract and after said term for as long as it is required to prove possible legal claims by the parties to the contract. If such data is also reflected in the Seller\u2019s accounting documents, the Seller retains said data also during the term laid down in the Republic of Estonia Accounting Act and applicable accounting rules.<\/span><\/span><\/span><\/p>\n<\/li>\n<li>\n<p align=\"justify\"><span style=\"font-family: Trebuchet MS, serif;\"><span style=\"font-size: small;\"><span lang=\"en-US\">Data noted in items 3.1.1(c) and 3.1.1(d) are retained in the computer or other device used by the User to visit the Container Store; the User can delete said data from said device at any time as they see fit.<\/span><\/span><\/span><\/p>\n<\/li>\n<\/ol>\n<\/li>\n<li><span style=\"font-family: Trebuchet MS, serif;\"><span style=\"font-size: small;\"><b><span lang=\"en-US\">Other terms and conditions of processing personal data <\/span><\/b><\/span><\/span>\n<ol>\n<li>\n<p align=\"justify\"><span style=\"font-family: Trebuchet MS, serif;\"><span style=\"font-size: small;\"><span lang=\"en-US\">The Seller does not transfer personal data to third parties, third countries, or international organizations.<\/span><\/span><\/span><\/p>\n<\/li>\n<li>\n<p align=\"justify\"><span style=\"font-family: Trebuchet MS, serif;\"><span style=\"font-size: small;\"><span lang=\"en-US\">The Seller does not use personal data for automated individual decision-making or profiling.<\/span><\/span><\/span><\/p>\n<\/li>\n<\/ol>\n<\/li>\n<li><span style=\"font-family: Trebuchet MS, serif;\"><span style=\"font-size: small;\"><b><span lang=\"en-US\">Other rights of consumer, user, and seller <\/span><\/b><\/span><\/span>\n<ol>\n<li>\n<p align=\"justify\"><a name=\"_Ref29892569\"><\/a> <span style=\"font-family: Trebuchet MS, serif;\"><span style=\"font-size: small;\"><span lang=\"en-US\">The Consumer and the User have the right to submit to the Seller, using the address noted in item 2.1 or an e-mail address, applications requesting from the Seller in cases provided for in data protection laws access to and rectification or erasure of personal data or restriction of processing concerning the data subject or to object to processing as well as the right to data portability.<\/span><\/span><\/span><\/p>\n<\/li>\n<li>\n<p align=\"justify\"><span style=\"font-family: Trebuchet MS, serif;\"><span style=\"font-size: small;\"><span lang=\"en-US\">The Seller responds to the application noted in item 7.1 at first reasonable opportunity, yet no later than within one month as from receipt of the application. If possible, the Seller responds to electronically filed applications electronically. <\/span><\/span><\/span><\/p>\n<\/li>\n<li>\n<p align=\"justify\"><span style=\"font-family: Trebuchet MS, serif;\"><span style=\"font-size: small;\"><span lang=\"en-US\">If the Consumer or the User finds that their rights have been violated, they may file a complaint to the Estonian Data Protection Inspectorate whose contact details are available at <\/span><span style=\"color: #0563c1;\"><u><a href=\"https:\/\/aki.ee\/\" target=\"_blank\" rel=\"noopener\"><span lang=\"en-US\">https:\/\/aki.ee\/<\/span><\/a><\/u><\/span><span lang=\"en-US\">.<\/span><\/span><\/span><\/p>\n<\/li>\n<li>\n<p align=\"justify\"><span style=\"font-family: Trebuchet MS, serif;\"><span style=\"font-size: small;\"><span lang=\"en-US\">The Seller has the right to amend this Privacy Policy at any time. Such amended Privacy Policy becomes applicable upon publication thereof in the Container Store. <\/span><\/span><\/span><\/p>\n<\/li>\n<\/ol>\n<\/li>\n<\/ol>\n<h2 align=\"center\"><span lang=\"en-US\">Notice concerning the use of cookies<\/span><\/h2>\n<p align=\"justify\"><span style=\"font-family: Trebuchet MS, serif;\"><span style=\"font-size: small;\"><span lang=\"en-US\">This web page uses cookies in adherence to the <\/span><span style=\"color: #0563c1;\"><u><a href=\"https:\/\/scanmarine.ee\/pood\/privaatsus\"><span lang=\"en-US\">Privacy Policy for ScanMarine Container Store<\/span><\/a><\/u><\/span><span lang=\"en-US\">.<\/span><\/span><\/span><\/p>\n<p align=\"justify\">\u00a0<span style=\"font-family: Trebuchet MS, serif;\"><span style=\"font-size: small;\"><span lang=\"en-US\">Accept all cookies\u00a0<\/span><\/span><\/span><span style=\"font-family: Trebuchet MS, serif;\"><span style=\"font-size: small;\"> <span lang=\"en-US\">\u00a0Accept only cookies required to ensure functionality of the Container Store.<\/span>\u00a0<\/span><\/span><\/p>\n<div id=\"sdfootnote1\">\n<p class=\"sdfootnote\" align=\"justify\"><a class=\"sdfootnotesym\" href=\"#sdfootnote1anc\" name=\"sdfootnote1sym\">1<\/a> <span lang=\"en-US\">Regulation (EU) 2016\/679 of the European Parliament and of the Council of 27 April 2016 on the protection of natural persons with regard to the processing of personal data and on the free movement of such data, and repealing Directive 95\/46\/EC (General Data Protection Regulation); available at <\/span><span style=\"color: #0563c1;\"><u><a href=\"https:\/\/eur-lex.europa.eu\/legal-content\/EN\/TXT\/?uri=CELEX:32016R0679\" target=\"_blank\" rel=\"noopener\"><span lang=\"en-US\">https:\/\/eur-lex.europa.eu\/legal-content\/EN\/TXT\/?uri=CELEX:32016R0679<\/span><\/a><\/u><\/span><\/p>\n<\/div>\n<div id=\"sdfootnote2\">\n<p class=\"sdfootnote\" align=\"justify\"><a class=\"sdfootnotesym\" href=\"#sdfootnote2anc\" name=\"sdfootnote2sym\">2<\/a><span lang=\"en-US\"> Personal Data Protection Act; available at <\/span><\/p>\n<p class=\"sdfootnote\" align=\"justify\"><span style=\"color: #0563c1;\"><u><a href=\"https:\/\/www.riigiteataja.ee\/en\/eli\/ee\/Riigikogu\/act\/523012019001\/consolide\" target=\"_blank\" rel=\"noopener\">https:\/\/www.riigiteataja.ee\/en\/eli\/ee\/Riigikogu\/act\/523012019001\/consolide<\/a><\/u><\/span>.<\/p>\n<\/div>\n","protected":false},"excerpt":{"rendered":"Privacy Policy for ScanMarine Container Store Applicable as from Click or tap to enter a date. Introduction In processing the personal data of the Container Store\u2019s Users and Consumers, the Seller proceeds from the principles of lawfulness, minimality, purposefulness, and transparency. This means that the Seller processes personal data as little as possible and as [&hellip;]","protected":false},"author":1,"featured_media":0,"parent":1482,"menu_order":0,"comment_status":"closed","ping_status":"closed","template":"","meta":{"_acf_changed":false,"inline_featured_image":false,"footnotes":""},"class_list":["post-2443","page","type-page","status-publish","hentry"],"acf":[],"jetpack_sharing_enabled":true,"_links":{"self":[{"href":"https:\/\/scanmarine.ee\/en\/wp-json\/wp\/v2\/pages\/2443","targetHints":{"allow":["GET"]}}],"collection":[{"href":"https:\/\/scanmarine.ee\/en\/wp-json\/wp\/v2\/pages"}],"about":[{"href":"https:\/\/scanmarine.ee\/en\/wp-json\/wp\/v2\/types\/page"}],"author":[{"embeddable":true,"href":"https:\/\/scanmarine.ee\/en\/wp-json\/wp\/v2\/users\/1"}],"replies":[{"embeddable":true,"href":"https:\/\/scanmarine.ee\/en\/wp-json\/wp\/v2\/comments?post=2443"}],"version-history":[{"count":7,"href":"https:\/\/scanmarine.ee\/en\/wp-json\/wp\/v2\/pages\/2443\/revisions"}],"predecessor-version":[{"id":24555,"href":"https:\/\/scanmarine.ee\/en\/wp-json\/wp\/v2\/pages\/2443\/revisions\/24555"}],"up":[{"embeddable":true,"href":"https:\/\/scanmarine.ee\/en\/wp-json\/wp\/v2\/pages\/1482"}],"wp:attachment":[{"href":"https:\/\/scanmarine.ee\/en\/wp-json\/wp\/v2\/media?parent=2443"}],"curies":[{"name":"wp","href":"https:\/\/api.w.org\/{rel}","templated":true}]}}